{"id":717,"date":"2026-02-13T14:58:45","date_gmt":"2026-02-13T13:58:45","guid":{"rendered":"https:\/\/hoas-sfed.com\/autor\/"},"modified":"2026-02-23T09:24:40","modified_gmt":"2026-02-23T08:24:40","slug":"autor","status":"publish","type":"page","link":"https:\/\/hoas-sfed.com\/de\/autor\/","title":{"rendered":"Autor"},"content":{"rendered":"\t\t<div data-elementor-type=\"wp-post\" data-elementor-id=\"717\" class=\"elementor elementor-717 elementor-7\" data-elementor-post-type=\"page\">\n\t\t\t\t<section class=\"elementor-element elementor-element-4d70d81 e-con-full e-flex e-con e-parent\" data-id=\"4d70d81\" data-element_type=\"container\" data-e-type=\"container\">\n\t\t<div class=\"elementor-element elementor-element-007c391 e-flex e-con-boxed e-con e-child\" data-id=\"007c391\" data-element_type=\"container\" data-e-type=\"container\">\n\t\t\t\t\t<div class=\"e-con-inner\">\n\t\t<div class=\"elementor-element elementor-element-f017538 e-con-full e-flex e-con e-child\" data-id=\"f017538\" data-element_type=\"container\" data-e-type=\"container\" data-settings=\"{&quot;background_background&quot;:&quot;classic&quot;}\">\n\t\t<div class=\"elementor-element elementor-element-3c320cb e-con-full e-flex e-con e-child\" data-id=\"3c320cb\" data-element_type=\"container\" data-e-type=\"container\">\n\t\t\t\t<div class=\"elementor-element elementor-element-8ae6015 fade-in-up elementor-widget elementor-widget-image\" data-id=\"8ae6015\" data-element_type=\"widget\" data-e-type=\"widget\" data-widget_type=\"image.default\">\n\t\t\t\t\t\t\t\t\t\t\t\t\t\t\t<img fetchpriority=\"high\" decoding=\"async\" width=\"568\" height=\"474\" src=\"https:\/\/hoas-sfed.com\/wp-content\/uploads\/2026\/02\/dr-stefan-klessmann.jpg\" class=\"attachment-large size-large wp-image-716\" alt=\"Dr. Stefan Kle\u00dfmann\" srcset=\"https:\/\/hoas-sfed.com\/wp-content\/uploads\/2026\/02\/dr-stefan-klessmann.jpg 568w, https:\/\/hoas-sfed.com\/wp-content\/uploads\/2026\/02\/dr-stefan-klessmann-300x250.jpg 300w\" sizes=\"(max-width: 568px) 100vw, 568px\" \/>\t\t\t\t\t\t\t\t\t\t\t\t\t\t\t<\/div>\n\t\t\t\t<\/div>\n\t\t<div class=\"elementor-element elementor-element-ca4c83e e-con-full e-flex e-con e-child\" data-id=\"ca4c83e\" data-element_type=\"container\" data-e-type=\"container\">\n\t\t<div class=\"elementor-element elementor-element-d7105a5 e-con-full e-flex e-con e-child\" data-id=\"d7105a5\" data-element_type=\"container\" data-e-type=\"container\">\n\t\t\t\t<div class=\"elementor-element elementor-element-7700b04 elementor-widget elementor-widget-heading\" data-id=\"7700b04\" data-element_type=\"widget\" data-e-type=\"widget\" data-widget_type=\"heading.default\">\n\t\t\t\t\t<h1 class=\"elementor-heading-title elementor-size-default\">\u00dcber den Autor<\/h1>\t\t\t\t<\/div>\n\t\t\t\t<div class=\"elementor-element elementor-element-5d72aca elementor-widget elementor-widget-heading\" data-id=\"5d72aca\" data-element_type=\"widget\" data-e-type=\"widget\" data-widget_type=\"heading.default\">\n\t\t\t\t\t<h2 class=\"elementor-heading-title elementor-size-default\">Dr. Stefan Kle\u00dfmann<\/h2>\t\t\t\t<\/div>\n\t\t\t\t<\/div>\n\t\t\t\t<div class=\"elementor-element elementor-element-bc7fea2 elementor-widget elementor-widget-text-editor\" data-id=\"bc7fea2\" data-element_type=\"widget\" data-e-type=\"widget\" data-widget_type=\"text-editor.default\">\n\t\t\t\t\t\t\t\t\t<p>Dr. Stefan Kle\u00dfmann studierte in den 1980er-Jahren Informationswissenschaft, Religionswissenschaft und Philosophie an der FU Berlin sowie Liberal Studies und Museumsmanagement an der New York University. Er war mehr als 25 Jahre lang als CFO und Gesch\u00e4ftsf\u00fchrer von Triad Berlin t\u00e4tig, einem in Berlin ans\u00e4ssigen B\u00fcro f\u00fcr Ausstellungsgestaltung mit bis zu 200 Mitarbeitern. Er war an rund 300 Ausstellungsprojekten in zahlreichen L\u00e4ndern beteiligt. Dazu geh\u00f6rten Museen, Science Center, Besucherzentren, Expo-Pavillons, Wechselausstellungen sowie Messeauftritte und Showroom-Projekte. <\/p><p>Seit 2016 arbeitet Stefan Kle\u00dfmann als unabh\u00e4ngiger Berater f\u00fcr Museen, Ausstellungsr\u00e4ume und Besucherzentren. Der Schwerpunkt liegt auf Erweiterungs- oder Sanierungsprojekten, Museumsneubauten, Kostenkalkulationen, Evaluierungen und Gutachten sowie der Ausschreibung von Ausstellungsprojekten in der EU gem\u00e4\u00df den EU-Richtlinien. Ein weiterer Schwerpunkt ist die Beauftragung von Ausstellungsgestaltern.<\/p><p>Seit der Ver\u00f6ffentlichung der deutschen HOAS (der urspr\u00fcnglichen Basis der SFED) bietet Stefan Kle\u00dfmann auch Workshops f\u00fcr Designagenturen sowie f\u00fcr Museen und deren Beschaffungsabteilungen an.<\/p>\t\t\t\t\t\t\t\t<\/div>\n\t\t<div class=\"elementor-element elementor-element-bd1417e e-con-full e-flex e-con e-child\" data-id=\"bd1417e\" data-element_type=\"container\" data-e-type=\"container\">\n\t\t\t\t<div class=\"elementor-element elementor-element-23f1e27 elementor-widget elementor-widget-heading\" data-id=\"23f1e27\" data-element_type=\"widget\" data-e-type=\"widget\" data-widget_type=\"heading.default\">\n\t\t\t\t\t<h1 class=\"elementor-heading-title elementor-size-default\">Kontakt<\/h1>\t\t\t\t<\/div>\n\t\t\t\t<div class=\"elementor-element elementor-element-856bf90 elementor-widget elementor-widget-text-editor\" data-id=\"856bf90\" data-element_type=\"widget\" data-e-type=\"widget\" data-widget_type=\"text-editor.default\">\n\t\t\t\t\t\t\t\t\t<p><a href=\"mailto:&#115;&#107;&#64;&#115;&#116;ef&#97;&#110;&#45;&#107;&#108;&#101;&#115;&#115;m&#97;nn&#46;&#100;&#101;\">s&#107;&#64;st&#101;f&#97;n&#45;k&#108;&#101;&#115;s&#109;an&#110;&#46;&#100;&#101;<\/a><\/p><p><a href=\"https:\/\/www.stefan-klessmann.de\" target=\"_blank\" rel=\"noopener nofollow\">www.stefan-klessmann.de<\/a><\/p><p><a href=\"tel:+491633237399\">+49 163 323 73 99<\/a><\/p>\t\t\t\t\t\t\t\t<\/div>\n\t\t\t\t<\/div>\n\t\t\t\t<\/div>\n\t\t\t\t<\/div>\n\t\t\t\t\t<\/div>\n\t\t\t\t<\/div>\n\t\t\t\t<\/section>\n\t\t\t\t<\/div>\n\t\t","protected":false},"excerpt":{"rendered":"<p>\u00dcber den Autor Dr. Stefan Kle\u00dfmann Dr. Stefan Kle\u00dfmann studierte in den 1980er-Jahren Informationswissenschaft, Religionswissenschaft und Philosophie an der FU Berlin sowie Liberal Studies und Museumsmanagement an der New York University. Er war mehr als 25 Jahre lang als CFO und Gesch\u00e4ftsf\u00fchrer von Triad Berlin t\u00e4tig, einem in Berlin ans\u00e4ssigen B\u00fcro f\u00fcr Ausstellungsgestaltung mit bis [&hellip;]<\/p>\n","protected":false},"author":1,"featured_media":0,"parent":0,"menu_order":1,"comment_status":"closed","ping_status":"closed","template":"","meta":{"footnotes":""},"class_list":["post-717","page","type-page","status-publish","hentry"],"_links":{"self":[{"href":"https:\/\/hoas-sfed.com\/de\/wp-json\/wp\/v2\/pages\/717","targetHints":{"allow":["GET"]}}],"collection":[{"href":"https:\/\/hoas-sfed.com\/de\/wp-json\/wp\/v2\/pages"}],"about":[{"href":"https:\/\/hoas-sfed.com\/de\/wp-json\/wp\/v2\/types\/page"}],"author":[{"embeddable":true,"href":"https:\/\/hoas-sfed.com\/de\/wp-json\/wp\/v2\/users\/1"}],"replies":[{"embeddable":true,"href":"https:\/\/hoas-sfed.com\/de\/wp-json\/wp\/v2\/comments?post=717"}],"version-history":[{"count":2,"href":"https:\/\/hoas-sfed.com\/de\/wp-json\/wp\/v2\/pages\/717\/revisions"}],"predecessor-version":[{"id":923,"href":"https:\/\/hoas-sfed.com\/de\/wp-json\/wp\/v2\/pages\/717\/revisions\/923"}],"wp:attachment":[{"href":"https:\/\/hoas-sfed.com\/de\/wp-json\/wp\/v2\/media?parent=717"}],"curies":[{"name":"wp","href":"https:\/\/api.w.org\/{rel}","templated":true}]}}