{"id":1085,"date":"2026-02-23T15:27:25","date_gmt":"2026-02-23T14:27:25","guid":{"rendered":"https:\/\/hoas-sfed.com\/rueckgabe-erstattung\/"},"modified":"2026-05-11T12:45:31","modified_gmt":"2026-05-11T10:45:31","slug":"rueckgabe-erstattung","status":"publish","type":"page","link":"https:\/\/hoas-sfed.com\/de\/rueckgabe-erstattung\/","title":{"rendered":"R\u00fcckgabe &amp; Erstattung"},"content":{"rendered":"\t\t<div data-elementor-type=\"wp-page\" data-elementor-id=\"1085\" class=\"elementor elementor-1085 elementor-19\" data-elementor-post-type=\"page\">\n\t\t\t\t<section class=\"elementor-element elementor-element-35a52b28 e-con-full e-flex e-con e-parent\" data-id=\"35a52b28\" data-element_type=\"container\" data-e-type=\"container\">\n\t\t<div class=\"elementor-element elementor-element-6139a4a6 e-flex e-con-boxed e-con e-child\" data-id=\"6139a4a6\" data-element_type=\"container\" data-e-type=\"container\">\n\t\t\t\t\t<div class=\"e-con-inner\">\n\t\t<div class=\"elementor-element elementor-element-524be8f5 e-con-full e-flex e-con e-child\" data-id=\"524be8f5\" data-element_type=\"container\" data-e-type=\"container\" data-settings=\"{&quot;background_background&quot;:&quot;classic&quot;}\">\n\t\t<div class=\"elementor-element elementor-element-cc315ac e-con-full e-flex e-con e-child\" data-id=\"cc315ac\" data-element_type=\"container\" data-e-type=\"container\">\n\t\t<div class=\"elementor-element elementor-element-8929ab9 e-con-full e-flex e-con e-child\" data-id=\"8929ab9\" data-element_type=\"container\" data-e-type=\"container\">\n\t\t\t\t<\/div>\n\t\t\t\t<div class=\"elementor-element elementor-element-3bae7786 elementor-widget elementor-widget-text-editor\" data-id=\"3bae7786\" data-element_type=\"widget\" data-e-type=\"widget\" data-widget_type=\"text-editor.default\">\n\t\t\t\t\t\t\t\t\t<p>Sie haben das Recht, Ihre Bestellung innerhalb von 14 Tagen nach Erhalt der Ware zu widerrufen. Weitere Informationen finden Sie in unserer Widerrufsbelehrung. <\/p><p>Sie k\u00f6nnen Ihr Widerrufsrecht auch online \u00fcber unser Formular <a href=\"https:\/\/hoas-sfed.com\/de\/vertrag-widerrufen\/\">&#8222;Vertrag widerrufen&#8220;<\/a> aus\u00fcben.<\/p><h3>R\u00fcckgabe<\/h3><p>Um eine R\u00fcckgabe vorzunehmen, senden Sie die Artikel bitte innerhalb von 14 Tagen nach Erkl\u00e4rung des Widerrufs an folgende Adresse:<\/p><p><strong>R\u00fccksendeadresse<\/strong><\/p><p>Warehouse \/ Fulfillment<br>messenger Transport + Logistik GmbH<br>Martin-Luther-Stra\u00dfe 7<br>10777 Berlin<br>Deutschland<\/p><p>Bitte legen Sie Ihrer R\u00fccksendung folgende Informationen bei:<\/p><ul><li>Name des Bestellers<\/li><li>Bestellnummer (falls vorhanden)<\/li><\/ul><p>Eine formlose R\u00fccksendung ist m\u00f6glich.<\/p><p>Bitte senden Sie R\u00fccksendungen ausschlie\u00dflich an die oben genannte R\u00fccksendeadresse und nicht an unsere Gesch\u00e4ftsadresse.<\/p><p>Der Versand erfolgt \u00fcber einen Fulfillment-Dienstleister.<\/p><h2>Zustand der Ware<\/h2><p>Die Artikel sollten sich m\u00f6glichst im Originalzustand befinden. Sie haften nur f\u00fcr einen Wertverlust, wenn dieser auf einen Umgang zur\u00fcckzuf\u00fchren ist, der \u00fcber die Pr\u00fcfung der Beschaffenheit hinausgeht. <\/p>\t\t\t\t\t\t\t\t<\/div>\n\t\t\t\t<\/div>\n\t\t\t\t<\/div>\n\t\t\t\t\t<\/div>\n\t\t\t\t<\/div>\n\t\t\t\t<\/section>\n\t\t\t\t<\/div>\n\t\t","protected":false},"excerpt":{"rendered":"<p>Sie haben das Recht, Ihre Bestellung innerhalb von 14 Tagen nach Erhalt der Ware zu widerrufen. Weitere Informationen finden Sie in unserer Widerrufsbelehrung. Sie k\u00f6nnen Ihr Widerrufsrecht auch online \u00fcber unser Formular &#8222;Vertrag widerrufen&#8220; aus\u00fcben. R\u00fcckgabe Um eine R\u00fcckgabe vorzunehmen, senden Sie die Artikel bitte innerhalb von 14 Tagen nach Erkl\u00e4rung des Widerrufs an folgende [&hellip;]<\/p>\n","protected":false},"author":1,"featured_media":0,"parent":0,"menu_order":0,"comment_status":"closed","ping_status":"closed","template":"","meta":{"footnotes":""},"class_list":["post-1085","page","type-page","status-publish","hentry"],"_links":{"self":[{"href":"https:\/\/hoas-sfed.com\/de\/wp-json\/wp\/v2\/pages\/1085","targetHints":{"allow":["GET"]}}],"collection":[{"href":"https:\/\/hoas-sfed.com\/de\/wp-json\/wp\/v2\/pages"}],"about":[{"href":"https:\/\/hoas-sfed.com\/de\/wp-json\/wp\/v2\/types\/page"}],"author":[{"embeddable":true,"href":"https:\/\/hoas-sfed.com\/de\/wp-json\/wp\/v2\/users\/1"}],"replies":[{"embeddable":true,"href":"https:\/\/hoas-sfed.com\/de\/wp-json\/wp\/v2\/comments?post=1085"}],"version-history":[{"count":10,"href":"https:\/\/hoas-sfed.com\/de\/wp-json\/wp\/v2\/pages\/1085\/revisions"}],"predecessor-version":[{"id":1412,"href":"https:\/\/hoas-sfed.com\/de\/wp-json\/wp\/v2\/pages\/1085\/revisions\/1412"}],"wp:attachment":[{"href":"https:\/\/hoas-sfed.com\/de\/wp-json\/wp\/v2\/media?parent=1085"}],"curies":[{"name":"wp","href":"https:\/\/api.w.org\/{rel}","templated":true}]}}