{"id":1073,"date":"2026-02-17T16:46:32","date_gmt":"2026-02-17T15:46:32","guid":{"rendered":"https:\/\/hoas-sfed.com\/versand-zahlung\/"},"modified":"2026-02-24T14:02:12","modified_gmt":"2026-02-24T13:02:12","slug":"versand-zahlung","status":"publish","type":"page","link":"https:\/\/hoas-sfed.com\/de\/versand-zahlung\/","title":{"rendered":"Versand &amp; Zahlung"},"content":{"rendered":"\t\t<div data-elementor-type=\"wp-page\" data-elementor-id=\"1073\" class=\"elementor elementor-1073 elementor-347\" data-elementor-post-type=\"page\">\n\t\t\t\t<section class=\"elementor-element elementor-element-73f5912e e-con-full e-flex e-con e-parent\" data-id=\"73f5912e\" data-element_type=\"container\" data-e-type=\"container\">\n\t\t<div class=\"elementor-element elementor-element-64535f77 e-flex e-con-boxed e-con e-child\" data-id=\"64535f77\" data-element_type=\"container\" data-e-type=\"container\">\n\t\t\t\t\t<div class=\"e-con-inner\">\n\t\t<div class=\"elementor-element elementor-element-4cb1b0d6 e-con-full e-flex e-con e-child\" data-id=\"4cb1b0d6\" data-element_type=\"container\" data-e-type=\"container\" data-settings=\"{&quot;background_background&quot;:&quot;classic&quot;}\">\n\t\t<div class=\"elementor-element elementor-element-21d1da88 e-con-full e-flex e-con e-child\" data-id=\"21d1da88\" data-element_type=\"container\" data-e-type=\"container\">\n\t\t<div class=\"elementor-element elementor-element-b90c005 e-con-full e-flex e-con e-child\" data-id=\"b90c005\" data-element_type=\"container\" data-e-type=\"container\">\n\t\t\t\t<\/div>\n\t\t\t\t<div class=\"elementor-element elementor-element-5567a092 elementor-widget elementor-widget-text-editor\" data-id=\"5567a092\" data-element_type=\"widget\" data-e-type=\"widget\" data-widget_type=\"text-editor.default\">\n\t\t\t\t\t\t\t\t\t<h2><strong>Zahlungsarten<\/strong><\/h2><p>Wir bieten sichere Zahlungen \u00fcber PayPal an. Je nach Land und Ger\u00e4t k\u00f6nnen Sie \u00fcber PayPal mit folgenden Methoden bezahlen: <\/p><ul><li>PayPal-Guthaben<\/li><li>Kredit- \/ Debitkarte<\/li><li>Bankkonto (sofern verf\u00fcgbar)<\/li><li>Lokale Zahlungsmethoden, die von PayPal unterst\u00fctzt werden<\/li><\/ul><p>Hinweis: Pay Later \/ Sp\u00e4ter bezahlen wird nicht angeboten.<\/p><h2><strong>Versand<\/strong><\/h2><p>Der Versand erfolgt mit DHL.<\/p><h3>Versandkosten<\/h3><ul><li>Deutschland: 4 \u20ac<\/li><li>Europa: 8 \u20ac<\/li><li>Alle anderen L\u00e4nder: 12 \u20ac<\/li><\/ul><p>Die Versandkosten werden im Checkout vor Abschluss der Bestellung angezeigt.<\/p><h3>Lieferzeit<\/h3><p>Bitte rechnen Sie mit einer Lieferzeit von 4\u201314 Tagen, abh\u00e4ngig vom Zielland und der lokalen Zustellung.<\/p><h3>Sendungsverfolgung<\/h3><p>Sofern verf\u00fcgbar, erhalten Sie nach Versand Ihrer Bestellung eine Versandbest\u00e4tigung per E-Mail mit einem Tracking-Link.<\/p><h3>Zoll &amp; Einfuhrabgaben (Nicht-EU)<\/h3><p>Bei Lieferungen au\u00dferhalb der EU k\u00f6nnen Z\u00f6lle, Steuern und Geb\u00fchren anfallen, die vom Empf\u00e4nger zu tragen sind. Diese Kosten sind nicht im Produktpreis oder den Versandkosten enthalten. <\/p>\t\t\t\t\t\t\t\t<\/div>\n\t\t\t\t<\/div>\n\t\t\t\t<\/div>\n\t\t\t\t\t<\/div>\n\t\t\t\t<\/div>\n\t\t\t\t<\/section>\n\t\t\t\t<\/div>\n\t\t","protected":false},"excerpt":{"rendered":"<p>Zahlungsarten Wir bieten sichere Zahlungen \u00fcber PayPal an. Je nach Land und Ger\u00e4t k\u00f6nnen Sie \u00fcber PayPal mit folgenden Methoden bezahlen: PayPal-Guthaben Kredit- \/ Debitkarte Bankkonto (sofern verf\u00fcgbar) Lokale Zahlungsmethoden, die von PayPal unterst\u00fctzt werden Hinweis: Pay Later \/ Sp\u00e4ter bezahlen wird nicht angeboten. Versand Der Versand erfolgt mit DHL. Versandkosten Deutschland: 4 \u20ac Europa: [&hellip;]<\/p>\n","protected":false},"author":1,"featured_media":0,"parent":0,"menu_order":0,"comment_status":"closed","ping_status":"closed","template":"","meta":{"footnotes":""},"class_list":["post-1073","page","type-page","status-publish","hentry"],"_links":{"self":[{"href":"https:\/\/hoas-sfed.com\/de\/wp-json\/wp\/v2\/pages\/1073","targetHints":{"allow":["GET"]}}],"collection":[{"href":"https:\/\/hoas-sfed.com\/de\/wp-json\/wp\/v2\/pages"}],"about":[{"href":"https:\/\/hoas-sfed.com\/de\/wp-json\/wp\/v2\/types\/page"}],"author":[{"embeddable":true,"href":"https:\/\/hoas-sfed.com\/de\/wp-json\/wp\/v2\/users\/1"}],"replies":[{"embeddable":true,"href":"https:\/\/hoas-sfed.com\/de\/wp-json\/wp\/v2\/comments?post=1073"}],"version-history":[{"count":1,"href":"https:\/\/hoas-sfed.com\/de\/wp-json\/wp\/v2\/pages\/1073\/revisions"}],"predecessor-version":[{"id":1074,"href":"https:\/\/hoas-sfed.com\/de\/wp-json\/wp\/v2\/pages\/1073\/revisions\/1074"}],"wp:attachment":[{"href":"https:\/\/hoas-sfed.com\/de\/wp-json\/wp\/v2\/media?parent=1073"}],"curies":[{"name":"wp","href":"https:\/\/api.w.org\/{rel}","templated":true}]}}